{"id":65,"date":"2024-04-16T08:38:39","date_gmt":"2024-04-16T08:38:39","guid":{"rendered":"https:\/\/palace-belvedere.com\/?page_id=65"},"modified":"2024-11-22T15:09:08","modified_gmt":"2024-11-22T15:09:08","slug":"questions-frequemment-posees","status":"publish","type":"page","link":"https:\/\/palace-belvedere.com\/fr\/frequently-asked-questions\/","title":{"rendered":"Questions Fr\u00e9quemment Pos\u00e9es"},"content":{"rendered":"<div style=\"height:92px\" aria-hidden=\"true\" class=\"wp-block-spacer\"><\/div>\n\n\n\n<h1 class=\"wp-block-heading has-text-align-center has-text-color\" style=\"color:#a87e00\">Questions Fr\u00e9quemment Pos\u00e9es<\/h1>\n\n\n\n<div style=\"height:30px\" aria-hidden=\"true\" class=\"wp-block-spacer\"><\/div>\n\n\n\n<p class=\"translation-block\">Vous trouverez ici toutes les informations dont vous avez besoin pour planifier votre visite au <strong><a href=\"https:\/\/palace-belvedere.com\/fr\/\" target=\"_blank\" rel=\"noreferrer noopener\"> Palais du Belv\u00e9d\u00e8re<\/a><\/strong> . Nous vous recommandons \u00e9galement d'acheter vos billets en ligne \u00e0 l'avance pour \u00e9viter les files d'attente. Consultez la section correspondante ci-dessous pour conna\u00eetre les questions les plus fr\u00e9quentes.<\/p>\n\n\n\n<div class=\"wp-block-group alignwide is-layout-constrained wp-block-group-is-layout-constrained\">\n<div class=\"wp-block-columns is-layout-flex wp-container-core-columns-is-layout-28f84493 wp-block-columns-is-layout-flex\">\n<div class=\"wp-block-column has-medium-font-size is-layout-flow wp-block-column-is-layout-flow\" style=\"flex-basis:700px\"><div class=\"wp-block-uagb-faq uagb-faq__outer-wrap uagb-block-dc6aa9c0 uagb-faq-icon-row-reverse uagb-faq-layout-accordion uagb-faq-expand-first-true uagb-faq-inactive-other-true uagb-faq__wrap uagb-buttons-layout-wrap uagb-faq-equal-height\" data-faqtoggle=\"true\" role=\"tablist\"><div class=\"wp-block-uagb-faq-child uagb-faq-child__outer-wrap uagb-faq-item uagb-block-9fcb1c80\" role=\"tab\" tabindex=\"0\"><div class=\"uagb-faq-questions-button uagb-faq-questions\">\t\t\t<span class=\"uagb-icon uagb-faq-icon-wrap\">\n\t\t\t\t\t\t\t\t<svg xmlns=\"https:\/\/www.w3.org\/2000\/svg\" viewbox= \"0 0 448 512\"><path d=\"M432 256c0 17.69-14.33 32.01-32 32.01H256v144c0 17.69-14.33 31.99-32 31.99s-32-14.3-32-31.99v-144H48c-17.67 0-32-14.32-32-32.01s14.33-31.99 32-31.99H192v-144c0-17.69 14.33-32.01 32-32.01s32 14.32 32 32.01v144h144C417.7 224 432 238.3 432 256z\"><\/path><\/svg>\n\t\t\t\t\t\t\t<\/span>\n\t\t\t\t\t\t<span class=\"uagb-icon-active uagb-faq-icon-wrap\">\n\t\t\t\t\t\t\t\t<svg xmlns=\"https:\/\/www.w3.org\/2000\/svg\" viewbox= \"0 0 448 512\"><path d=\"M400 288h-352c-17.69 0-32-14.32-32-32.01s14.31-31.99 32-31.99h352c17.69 0 32 14.3 32 31.99S417.7 288 400 288z\"><\/path><\/svg>\n\t\t\t\t\t\t\t<\/span>\n\t\t\t<h3 class=\"uagb-question\"><strong>Que comprend le billet pour le Belv\u00e9d\u00e8re ?<\/strong><\/h3><\/div><div class=\"uagb-faq-content\"><p class=\"translation-block\">Le billet <strong>Belv\u00e9d\u00e8re sup\u00e9rieur<\/strong> comprend l'acc\u00e8s au Belv\u00e9d\u00e8re sup\u00e9rieur, \u00e0 la collection permanente et \u00e0 la Salle des Marbres. <br><br>Le billet <strong>Belv\u00e9d\u00e8re inf\u00e9rieur<\/strong> comprend l'acc\u00e8s au Belv\u00e9d\u00e8re inf\u00e9rieur et \u00e0 la collection permanente.<br><br>Le billet <strong>Belv\u00e9d\u00e8re 21<\/strong> comprend l'entr\u00e9e Belv\u00e9d\u00e8re 21, l'acc\u00e8s au des expositions.<\/p><\/div><\/div><div class=\"wp-block-uagb-faq-child uagb-faq-child__outer-wrap uagb-faq-item uagb-block-bed571ab\" role=\"tab\" tabindex=\"0\"><div class=\"uagb-faq-questions-button uagb-faq-questions\">\t\t\t<span class=\"uagb-icon uagb-faq-icon-wrap\">\n\t\t\t\t\t\t\t\t<svg xmlns=\"https:\/\/www.w3.org\/2000\/svg\" viewbox= \"0 0 448 512\"><path d=\"M432 256c0 17.69-14.33 32.01-32 32.01H256v144c0 17.69-14.33 31.99-32 31.99s-32-14.3-32-31.99v-144H48c-17.67 0-32-14.32-32-32.01s14.33-31.99 32-31.99H192v-144c0-17.69 14.33-32.01 32-32.01s32 14.32 32 32.01v144h144C417.7 224 432 238.3 432 256z\"><\/path><\/svg>\n\t\t\t\t\t\t\t<\/span>\n\t\t\t\t\t\t<span class=\"uagb-icon-active uagb-faq-icon-wrap\">\n\t\t\t\t\t\t\t\t<svg xmlns=\"https:\/\/www.w3.org\/2000\/svg\" viewbox= \"0 0 448 512\"><path d=\"M400 288h-352c-17.69 0-32-14.32-32-32.01s14.31-31.99 32-31.99h352c17.69 0 32 14.3 32 31.99S417.7 288 400 288z\"><\/path><\/svg>\n\t\t\t\t\t\t\t<\/span>\n\t\t\t<h3 class=\"uagb-question\"><strong>Quels sont les horaires d'ouverture ?<\/strong><\/h3><\/div><div class=\"uagb-faq-content\"><p class=\"translation-block\">Le <strong>Belv\u00e9d\u00e8re sup\u00e9rieur<\/strong> est ouvert tous les jours de 9h00 \u00e0 18h00. Le <br><strong>Belv\u00e9d\u00e8re inf\u00e9rieur<\/strong> est ouvert tous les jours de 10h00 \u00e0 18h00. <br><strong>Belvedere 21<\/strong> est ouvert de 11h00 \u00e0 21h00 le jeudi et de 11h00 \u00e0 18h00 les autres jours. Le mus\u00e9e est ferm\u00e9 le lundi.<br><br>Derni\u00e8re entr\u00e9e : 1 heure avant la fermeture.<\/p><\/div><\/div><div class=\"wp-block-uagb-faq-child uagb-faq-child__outer-wrap uagb-faq-item uagb-block-f1a14f1d\" role=\"tab\" tabindex=\"0\"><div class=\"uagb-faq-questions-button uagb-faq-questions\">\t\t\t<span class=\"uagb-icon uagb-faq-icon-wrap\">\n\t\t\t\t\t\t\t\t<svg xmlns=\"https:\/\/www.w3.org\/2000\/svg\" viewbox= \"0 0 448 512\"><path d=\"M432 256c0 17.69-14.33 32.01-32 32.01H256v144c0 17.69-14.33 31.99-32 31.99s-32-14.3-32-31.99v-144H48c-17.67 0-32-14.32-32-32.01s14.33-31.99 32-31.99H192v-144c0-17.69 14.33-32.01 32-32.01s32 14.32 32 32.01v144h144C417.7 224 432 238.3 432 256z\"><\/path><\/svg>\n\t\t\t\t\t\t\t<\/span>\n\t\t\t\t\t\t<span class=\"uagb-icon-active uagb-faq-icon-wrap\">\n\t\t\t\t\t\t\t\t<svg xmlns=\"https:\/\/www.w3.org\/2000\/svg\" viewbox= \"0 0 448 512\"><path d=\"M400 288h-352c-17.69 0-32-14.32-32-32.01s14.31-31.99 32-31.99h352c17.69 0 32 14.3 32 31.99S417.7 288 400 288z\"><\/path><\/svg>\n\t\t\t\t\t\t\t<\/span>\n\t\t\t<h3 class=\"uagb-question\">Les billets mobiles sont-ils accept\u00e9s ?<\/h3><\/div><div class=\"uagb-faq-content\"><p>Oui. En raison du nombre \u00e9lev\u00e9 de visiteurs, nous vous recommandons de garantir votre admission en ligne.<\/p><\/div><\/div><div class=\"wp-block-uagb-faq-child uagb-faq-child__outer-wrap uagb-faq-item uagb-block-bcabd821\" role=\"tab\" tabindex=\"0\"><div class=\"uagb-faq-questions-button uagb-faq-questions\">\t\t\t<span class=\"uagb-icon uagb-faq-icon-wrap\">\n\t\t\t\t\t\t\t\t<svg xmlns=\"https:\/\/www.w3.org\/2000\/svg\" viewbox= \"0 0 448 512\"><path d=\"M432 256c0 17.69-14.33 32.01-32 32.01H256v144c0 17.69-14.33 31.99-32 31.99s-32-14.3-32-31.99v-144H48c-17.67 0-32-14.32-32-32.01s14.33-31.99 32-31.99H192v-144c0-17.69 14.33-32.01 32-32.01s32 14.32 32 32.01v144h144C417.7 224 432 238.3 432 256z\"><\/path><\/svg>\n\t\t\t\t\t\t\t<\/span>\n\t\t\t\t\t\t<span class=\"uagb-icon-active uagb-faq-icon-wrap\">\n\t\t\t\t\t\t\t\t<svg xmlns=\"https:\/\/www.w3.org\/2000\/svg\" viewbox= \"0 0 448 512\"><path d=\"M400 288h-352c-17.69 0-32-14.32-32-32.01s14.31-31.99 32-31.99h352c17.69 0 32 14.3 32 31.99S417.7 288 400 288z\"><\/path><\/svg>\n\t\t\t\t\t\t\t<\/span>\n\t\t\t<h3 class=\"uagb-question\">Dois-je acheter un billet pour les enfants ?<\/h3><\/div><div class=\"uagb-faq-content\"><p class=\"translation-block\">Le <strong>Belv\u00e9d\u00e8re sup\u00e9rieur<\/strong>, le <strong>Belv\u00e9d\u00e8re inf\u00e9rieur<\/strong> et le <strong>Belv\u00e9d\u00e8re 21<\/strong> sont gratuits pour les enfants de moins de 18 ans mais un billet est toujours requis.<\/p><\/div><\/div><div class=\"wp-block-uagb-faq-child uagb-faq-child__outer-wrap uagb-faq-item uagb-block-2f7613cd\" role=\"tab\" tabindex=\"0\"><div class=\"uagb-faq-questions-button uagb-faq-questions\">\t\t\t<span class=\"uagb-icon uagb-faq-icon-wrap\">\n\t\t\t\t\t\t\t\t<svg xmlns=\"https:\/\/www.w3.org\/2000\/svg\" viewbox= \"0 0 448 512\"><path d=\"M432 256c0 17.69-14.33 32.01-32 32.01H256v144c0 17.69-14.33 31.99-32 31.99s-32-14.3-32-31.99v-144H48c-17.67 0-32-14.32-32-32.01s14.33-31.99 32-31.99H192v-144c0-17.69 14.33-32.01 32-32.01s32 14.32 32 32.01v144h144C417.7 224 432 238.3 432 256z\"><\/path><\/svg>\n\t\t\t\t\t\t\t<\/span>\n\t\t\t\t\t\t<span class=\"uagb-icon-active uagb-faq-icon-wrap\">\n\t\t\t\t\t\t\t\t<svg xmlns=\"https:\/\/www.w3.org\/2000\/svg\" viewbox= \"0 0 448 512\"><path d=\"M400 288h-352c-17.69 0-32-14.32-32-32.01s14.31-31.99 32-31.99h352c17.69 0 32 14.3 32 31.99S417.7 288 400 288z\"><\/path><\/svg>\n\t\t\t\t\t\t\t<\/span>\n\t\t\t<h3 class=\"uagb-question\">Comment se rendre au palais du Belv\u00e9d\u00e8re et au Belv\u00e9d\u00e8re 21 ?<\/h3><\/div><div class=\"uagb-faq-content\"><p>Cliquez ci-dessous pour obtenir un itin\u00e9raire :<br><a href=\"https:\/\/maps.app.goo.gl\/oDv33Aie3wsrCxGN7\" target=\"_blank\" rel=\"noreferrer noopener\">Belv\u00e9d\u00e8re sup\u00e9rieur<\/a><br><a href=\"https:\/\/maps.app.goo.gl\/WFSYcvcBzfU4C8NF6\" target=\"_blank\" rel=\"noreferrer noopener\">Belv\u00e9d\u00e8re Inf\u00e9rieur<\/a><br><a href=\"https:\/\/maps.app.goo.gl\/wC5fz1aqddVhv47Q7\" target=\"_blank\" rel=\"noreferrer noopener\">Belv\u00e9d\u00e8re 21<\/a><br><\/p><\/div><\/div><div class=\"wp-block-uagb-faq-child uagb-faq-child__outer-wrap uagb-faq-item uagb-block-d6d1bb5b\" role=\"tab\" tabindex=\"0\"><div class=\"uagb-faq-questions-button uagb-faq-questions\">\t\t\t<span class=\"uagb-icon uagb-faq-icon-wrap\">\n\t\t\t\t\t\t\t\t<svg xmlns=\"https:\/\/www.w3.org\/2000\/svg\" viewbox= \"0 0 448 512\"><path d=\"M432 256c0 17.69-14.33 32.01-32 32.01H256v144c0 17.69-14.33 31.99-32 31.99s-32-14.3-32-31.99v-144H48c-17.67 0-32-14.32-32-32.01s14.33-31.99 32-31.99H192v-144c0-17.69 14.33-32.01 32-32.01s32 14.32 32 32.01v144h144C417.7 224 432 238.3 432 256z\"><\/path><\/svg>\n\t\t\t\t\t\t\t<\/span>\n\t\t\t\t\t\t<span class=\"uagb-icon-active uagb-faq-icon-wrap\">\n\t\t\t\t\t\t\t\t<svg xmlns=\"https:\/\/www.w3.org\/2000\/svg\" viewbox= \"0 0 448 512\"><path d=\"M400 288h-352c-17.69 0-32-14.32-32-32.01s14.31-31.99 32-31.99h352c17.69 0 32 14.3 32 31.99S417.7 288 400 288z\"><\/path><\/svg>\n\t\t\t\t\t\t\t<\/span>\n\t\t\t<h3 class=\"uagb-question\">Puis-je annuler ou reprogrammer mes billets ?<\/h3><\/div><div class=\"uagb-faq-content\"><p>L'annulation et le report sont possibles jusqu'\u00e0 24 heures avant votre visite.<\/p><\/div><\/div><div class=\"wp-block-uagb-faq-child uagb-faq-child__outer-wrap uagb-faq-item uagb-block-ba19bf77\" role=\"tab\" tabindex=\"0\"><div class=\"uagb-faq-questions-button uagb-faq-questions\">\t\t\t<span class=\"uagb-icon uagb-faq-icon-wrap\">\n\t\t\t\t\t\t\t\t<svg xmlns=\"https:\/\/www.w3.org\/2000\/svg\" viewbox= \"0 0 448 512\"><path d=\"M432 256c0 17.69-14.33 32.01-32 32.01H256v144c0 17.69-14.33 31.99-32 31.99s-32-14.3-32-31.99v-144H48c-17.67 0-32-14.32-32-32.01s14.33-31.99 32-31.99H192v-144c0-17.69 14.33-32.01 32-32.01s32 14.32 32 32.01v144h144C417.7 224 432 238.3 432 256z\"><\/path><\/svg>\n\t\t\t\t\t\t\t<\/span>\n\t\t\t\t\t\t<span class=\"uagb-icon-active uagb-faq-icon-wrap\">\n\t\t\t\t\t\t\t\t<svg xmlns=\"https:\/\/www.w3.org\/2000\/svg\" viewbox= \"0 0 448 512\"><path d=\"M400 288h-352c-17.69 0-32-14.32-32-32.01s14.31-31.99 32-31.99h352c17.69 0 32 14.3 32 31.99S417.7 288 400 288z\"><\/path><\/svg>\n\t\t\t\t\t\t\t<\/span>\n\t\t\t<h3 class=\"uagb-question\">Le Palais du Belv\u00e9d\u00e8re et le Belv\u00e9d\u00e8re 21 sont-ils adapt\u00e9s aux personnes \u00e0 mobilit\u00e9 r\u00e9duite ?<\/h3><\/div><div class=\"uagb-faq-content\"><p class=\"translation-block\">Le Palais et le mus\u00e9e de Belvedere sont accessibles en fauteuil roulant. <br>Des fauteuils roulants sont disponibles en pr\u00eat.<\/p><\/div><\/div><\/div><\/div>\n\n\n\n<div class=\"wp-block-column is-layout-flow wp-block-column-is-layout-flow\" style=\"flex-basis:700px\">\n<center><div data-tiqets-widget=\"availability\" data-layout=\"compact\" data-product-id=\"974613\" data-partner=\"belvederepalace\" data-tq-campaign=\"faq\"><\/div><\/center>\n<\/div>\n<\/div>\n<\/div>\n\n\n\n<p><\/p>","protected":false},"excerpt":{"rendered":"<p>Frequently Asked Questions Here you can find all the information you need to plan your visit to Belvedere Palace. We [&hellip;]<\/p>\n","protected":false},"author":1,"featured_media":284,"parent":0,"menu_order":0,"comment_status":"closed","ping_status":"closed","template":"","meta":{"_uag_custom_page_level_css":"","site-sidebar-layout":"default","site-content-layout":"","ast-site-content-layout":"","site-content-style":"default","site-sidebar-style":"default","ast-global-header-display":"","ast-banner-title-visibility":"","ast-main-header-display":"","ast-hfb-above-header-display":"","ast-hfb-below-header-display":"","ast-hfb-mobile-header-display":"","site-post-title":"disabled","ast-breadcrumbs-content":"","ast-featured-img":"disabled","footer-sml-layout":"","ast-disable-related-posts":"","theme-transparent-header-meta":"","adv-header-id-meta":"","stick-header-meta":"","header-above-stick-meta":"","header-main-stick-meta":"","header-below-stick-meta":"","astra-migrate-meta-layouts":"default","ast-page-background-enabled":"default","ast-page-background-meta":{"desktop":{"background-color":"var(--ast-global-color-4)","background-image":"","background-repeat":"repeat","background-position":"center center","background-size":"auto","background-attachment":"scroll","background-type":"","background-media":"","overlay-type":"","overlay-color":"","overlay-opacity":"","overlay-gradient":""},"tablet":{"background-color":"","background-image":"","background-repeat":"repeat","background-position":"center center","background-size":"auto","background-attachment":"scroll","background-type":"","background-media":"","overlay-type":"","overlay-color":"","overlay-opacity":"","overlay-gradient":""},"mobile":{"background-color":"","background-image":"","background-repeat":"repeat","background-position":"center center","background-size":"auto","background-attachment":"scroll","background-type":"","background-media":"","overlay-type":"","overlay-color":"","overlay-opacity":"","overlay-gradient":""}},"ast-content-background-meta":{"desktop":{"background-color":"var(--ast-global-color-5)","background-image":"","background-repeat":"repeat","background-position":"center center","background-size":"auto","background-attachment":"scroll","background-type":"","background-media":"","overlay-type":"","overlay-color":"","overlay-opacity":"","overlay-gradient":""},"tablet":{"background-color":"var(--ast-global-color-5)","background-image":"","background-repeat":"repeat","background-position":"center center","background-size":"auto","background-attachment":"scroll","background-type":"","background-media":"","overlay-type":"","overlay-color":"","overlay-opacity":"","overlay-gradient":""},"mobile":{"background-color":"var(--ast-global-color-5)","background-image":"","background-repeat":"repeat","background-position":"center center","background-size":"auto","background-attachment":"scroll","background-type":"","background-media":"","overlay-type":"","overlay-color":"","overlay-opacity":"","overlay-gradient":""}},"footnotes":""},"class_list":["post-65","page","type-page","status-publish","has-post-thumbnail","hentry"],"yoast_head":"<!-- This site is optimized with the Yoast SEO plugin v27.3 - https:\/\/yoast.com\/product\/yoast-seo-wordpress\/ -->\n<title>Frequently Asked Questions - Belvedere Palace<\/title>\n<meta name=\"description\" content=\"Here you will clear your frequently asked questions about opening times, how to get there and other details about Belvedere Palace.\" \/>\n<meta name=\"robots\" content=\"index, follow, max-snippet:-1, max-image-preview:large, max-video-preview:-1\" \/>\n<link rel=\"canonical\" href=\"https:\/\/palace-belvedere.com\/fr\/questions-frequemment-posees\/\" \/>\n<meta property=\"og:locale\" content=\"fr_FR\" \/>\n<meta property=\"og:type\" content=\"article\" \/>\n<meta property=\"og:title\" content=\"Frequently Asked Questions - Belvedere Palace\" \/>\n<meta property=\"og:description\" content=\"Here you will clear your frequently asked questions about opening times, how to get there and other details about Belvedere Palace.\" \/>\n<meta property=\"og:url\" content=\"https:\/\/palace-belvedere.com\/fr\/questions-frequemment-posees\/\" \/>\n<meta property=\"og:site_name\" content=\"Belvedere Palace Online Tickets\" \/>\n<meta property=\"article:modified_time\" content=\"2024-11-22T15:09:08+00:00\" \/>\n<meta property=\"og:image\" content=\"https:\/\/palace-belvedere.com\/wp-content\/uploads\/2024\/11\/Belvedere.webp\" \/>\n\t<meta property=\"og:image:width\" content=\"714\" \/>\n\t<meta property=\"og:image:height\" content=\"476\" \/>\n\t<meta property=\"og:image:type\" content=\"image\/webp\" \/>\n<meta name=\"twitter:card\" content=\"summary_large_image\" \/>\n<meta name=\"twitter:label1\" content=\"Dur\u00e9e de lecture estim\u00e9e\" \/>\n\t<meta name=\"twitter:data1\" content=\"1 minute\" \/>\n<script type=\"application\/ld+json\" class=\"yoast-schema-graph\">{\"@context\":\"https:\\\/\\\/schema.org\",\"@graph\":[{\"@type\":\"WebPage\",\"@id\":\"https:\\\/\\\/palace-belvedere.com\\\/frequently-asked-questions\\\/\",\"url\":\"https:\\\/\\\/palace-belvedere.com\\\/frequently-asked-questions\\\/\",\"name\":\"Frequently Asked Questions - Belvedere Palace\",\"isPartOf\":{\"@id\":\"https:\\\/\\\/palace-belvedere.com\\\/#website\"},\"primaryImageOfPage\":{\"@id\":\"https:\\\/\\\/palace-belvedere.com\\\/frequently-asked-questions\\\/#primaryimage\"},\"image\":{\"@id\":\"https:\\\/\\\/palace-belvedere.com\\\/frequently-asked-questions\\\/#primaryimage\"},\"thumbnailUrl\":\"https:\\\/\\\/palace-belvedere.com\\\/wp-content\\\/uploads\\\/2024\\\/11\\\/Belvedere.webp\",\"datePublished\":\"2024-04-16T08:38:39+00:00\",\"dateModified\":\"2024-11-22T15:09:08+00:00\",\"description\":\"Here you will clear your frequently asked questions about opening times, how to get there and other details about Belvedere Palace.\",\"breadcrumb\":{\"@id\":\"https:\\\/\\\/palace-belvedere.com\\\/frequently-asked-questions\\\/#breadcrumb\"},\"inLanguage\":\"fr-FR\",\"potentialAction\":[{\"@type\":\"ReadAction\",\"target\":[\"https:\\\/\\\/palace-belvedere.com\\\/frequently-asked-questions\\\/\"]}]},{\"@type\":\"ImageObject\",\"inLanguage\":\"fr-FR\",\"@id\":\"https:\\\/\\\/palace-belvedere.com\\\/frequently-asked-questions\\\/#primaryimage\",\"url\":\"https:\\\/\\\/palace-belvedere.com\\\/wp-content\\\/uploads\\\/2024\\\/11\\\/Belvedere.webp\",\"contentUrl\":\"https:\\\/\\\/palace-belvedere.com\\\/wp-content\\\/uploads\\\/2024\\\/11\\\/Belvedere.webp\",\"width\":714,\"height\":476,\"caption\":\"Belvedere Palace\"},{\"@type\":\"BreadcrumbList\",\"@id\":\"https:\\\/\\\/palace-belvedere.com\\\/frequently-asked-questions\\\/#breadcrumb\",\"itemListElement\":[{\"@type\":\"ListItem\",\"position\":1,\"name\":\"Home\",\"item\":\"https:\\\/\\\/palace-belvedere.com\\\/\"},{\"@type\":\"ListItem\",\"position\":2,\"name\":\"FAQ\"}]},{\"@type\":\"WebSite\",\"@id\":\"https:\\\/\\\/palace-belvedere.com\\\/#website\",\"url\":\"https:\\\/\\\/palace-belvedere.com\\\/\",\"name\":\"Belvedere Palace Online Tickets\",\"description\":\"Belvedere Palace Online Tickets\",\"publisher\":{\"@id\":\"https:\\\/\\\/palace-belvedere.com\\\/#organization\"},\"potentialAction\":[{\"@type\":\"SearchAction\",\"target\":{\"@type\":\"EntryPoint\",\"urlTemplate\":\"https:\\\/\\\/palace-belvedere.com\\\/?s={search_term_string}\"},\"query-input\":{\"@type\":\"PropertyValueSpecification\",\"valueRequired\":true,\"valueName\":\"search_term_string\"}}],\"inLanguage\":\"fr-FR\"},{\"@type\":\"Organization\",\"@id\":\"https:\\\/\\\/palace-belvedere.com\\\/#organization\",\"name\":\"Belvedere Palace Online Tickets\",\"url\":\"https:\\\/\\\/palace-belvedere.com\\\/\",\"logo\":{\"@type\":\"ImageObject\",\"inLanguage\":\"fr-FR\",\"@id\":\"https:\\\/\\\/palace-belvedere.com\\\/#\\\/schema\\\/logo\\\/image\\\/\",\"url\":\"https:\\\/\\\/palace-belvedere.com\\\/wp-content\\\/uploads\\\/2024\\\/08\\\/Logo-Belvedere.webp\",\"contentUrl\":\"https:\\\/\\\/palace-belvedere.com\\\/wp-content\\\/uploads\\\/2024\\\/08\\\/Logo-Belvedere.webp\",\"width\":500,\"height\":500,\"caption\":\"Belvedere Palace Online Tickets\"},\"image\":{\"@id\":\"https:\\\/\\\/palace-belvedere.com\\\/#\\\/schema\\\/logo\\\/image\\\/\"}}]}<\/script>\n<!-- \/ Yoast SEO plugin. -->","yoast_head_json":{"title":"Frequently Asked Questions - Belvedere Palace","description":"Ici, vous effacerez vos questions fr\u00e9quemment pos\u00e9es sur les horaires d'ouverture, comment s'y rendre et d'autres d\u00e9tails sur le Palais du Belv\u00e9d\u00e8re.","robots":{"index":"index","follow":"follow","max-snippet":"max-snippet:-1","max-image-preview":"max-image-preview:large","max-video-preview":"max-video-preview:-1"},"canonical":"https:\/\/palace-belvedere.com\/fr\/questions-frequemment-posees\/","og_locale":"fr_FR","og_type":"article","og_title":"Frequently Asked Questions - Belvedere Palace","og_description":"Here you will clear your frequently asked questions about opening times, how to get there and other details about Belvedere Palace.","og_url":"https:\/\/palace-belvedere.com\/fr\/questions-frequemment-posees\/","og_site_name":"Belvedere Palace Online Tickets","article_modified_time":"2024-11-22T15:09:08+00:00","og_image":[{"width":714,"height":476,"url":"https:\/\/palace-belvedere.com\/wp-content\/uploads\/2024\/11\/Belvedere.webp","type":"image\/webp"}],"twitter_card":"summary_large_image","twitter_misc":{"Dur\u00e9e de lecture estim\u00e9e":"1 minute"},"schema":{"@context":"https:\/\/schema.org","@graph":[{"@type":"WebPage","@id":"https:\/\/palace-belvedere.com\/frequently-asked-questions\/","url":"https:\/\/palace-belvedere.com\/frequently-asked-questions\/","name":"Frequently Asked Questions - Belvedere Palace","isPartOf":{"@id":"https:\/\/palace-belvedere.com\/#website"},"primaryImageOfPage":{"@id":"https:\/\/palace-belvedere.com\/frequently-asked-questions\/#primaryimage"},"image":{"@id":"https:\/\/palace-belvedere.com\/frequently-asked-questions\/#primaryimage"},"thumbnailUrl":"https:\/\/palace-belvedere.com\/wp-content\/uploads\/2024\/11\/Belvedere.webp","datePublished":"2024-04-16T08:38:39+00:00","dateModified":"2024-11-22T15:09:08+00:00","description":"Ici, vous effacerez vos questions fr\u00e9quemment pos\u00e9es sur les horaires d'ouverture, comment s'y rendre et d'autres d\u00e9tails sur le Palais du Belv\u00e9d\u00e8re.","breadcrumb":{"@id":"https:\/\/palace-belvedere.com\/frequently-asked-questions\/#breadcrumb"},"inLanguage":"fr-FR","potentialAction":[{"@type":"ReadAction","target":["https:\/\/palace-belvedere.com\/frequently-asked-questions\/"]}]},{"@type":"ImageObject","inLanguage":"fr-FR","@id":"https:\/\/palace-belvedere.com\/frequently-asked-questions\/#primaryimage","url":"https:\/\/palace-belvedere.com\/wp-content\/uploads\/2024\/11\/Belvedere.webp","contentUrl":"https:\/\/palace-belvedere.com\/wp-content\/uploads\/2024\/11\/Belvedere.webp","width":714,"height":476,"caption":"Belvedere Palace"},{"@type":"BreadcrumbList","@id":"https:\/\/palace-belvedere.com\/frequently-asked-questions\/#breadcrumb","itemListElement":[{"@type":"ListItem","position":1,"name":"Home","item":"https:\/\/palace-belvedere.com\/"},{"@type":"ListItem","position":2,"name":"FAQ"}]},{"@type":"WebSite","@id":"https:\/\/palace-belvedere.com\/#website","url":"https:\/\/palace-belvedere.com\/","name":"Billets pour Palais du Belv\u00e9d\u00e8re","description":"Billets pour Palais du Belv\u00e9d\u00e8re","publisher":{"@id":"https:\/\/palace-belvedere.com\/#organization"},"potentialAction":[{"@type":"SearchAction","target":{"@type":"EntryPoint","urlTemplate":"https:\/\/palace-belvedere.com\/?s={search_term_string}"},"query-input":{"@type":"PropertyValueSpecification","valueRequired":true,"valueName":"search_term_string"}}],"inLanguage":"fr-FR"},{"@type":"Organization","@id":"https:\/\/palace-belvedere.com\/#organization","name":"Billets pour Palais du Belv\u00e9d\u00e8re","url":"https:\/\/palace-belvedere.com\/","logo":{"@type":"ImageObject","inLanguage":"fr-FR","@id":"https:\/\/palace-belvedere.com\/#\/schema\/logo\/image\/","url":"https:\/\/palace-belvedere.com\/wp-content\/uploads\/2024\/08\/Logo-Belvedere.webp","contentUrl":"https:\/\/palace-belvedere.com\/wp-content\/uploads\/2024\/08\/Logo-Belvedere.webp","width":500,"height":500,"caption":"Belvedere Palace Online Tickets"},"image":{"@id":"https:\/\/palace-belvedere.com\/#\/schema\/logo\/image\/"}}]}},"uagb_featured_image_src":{"full":["https:\/\/palace-belvedere.com\/wp-content\/uploads\/2024\/11\/Belvedere.webp",714,476,false],"thumbnail":["https:\/\/palace-belvedere.com\/wp-content\/uploads\/2024\/11\/Belvedere-150x150.webp",150,150,true],"medium":["https:\/\/palace-belvedere.com\/wp-content\/uploads\/2024\/11\/Belvedere-300x200.webp",300,200,true],"medium_large":["https:\/\/palace-belvedere.com\/wp-content\/uploads\/2024\/11\/Belvedere.webp",714,476,false],"large":["https:\/\/palace-belvedere.com\/wp-content\/uploads\/2024\/11\/Belvedere.webp",714,476,false],"1536x1536":["https:\/\/palace-belvedere.com\/wp-content\/uploads\/2024\/11\/Belvedere.webp",714,476,false],"2048x2048":["https:\/\/palace-belvedere.com\/wp-content\/uploads\/2024\/11\/Belvedere.webp",714,476,false],"trp-custom-language-flag":["https:\/\/palace-belvedere.com\/wp-content\/uploads\/2024\/11\/Belvedere-18x12.webp",18,12,true]},"uagb_author_info":{"display_name":"admin7223","author_link":"https:\/\/palace-belvedere.com\/fr\/author\/admin7223\/"},"uagb_comment_info":0,"uagb_excerpt":"Frequently Asked Questions Here you can find all the information you need to plan your visit to Belvedere Palace. We [&hellip;]","_links":{"self":[{"href":"https:\/\/palace-belvedere.com\/fr\/wp-json\/wp\/v2\/pages\/65","targetHints":{"allow":["GET"]}}],"collection":[{"href":"https:\/\/palace-belvedere.com\/fr\/wp-json\/wp\/v2\/pages"}],"about":[{"href":"https:\/\/palace-belvedere.com\/fr\/wp-json\/wp\/v2\/types\/page"}],"author":[{"embeddable":true,"href":"https:\/\/palace-belvedere.com\/fr\/wp-json\/wp\/v2\/users\/1"}],"replies":[{"embeddable":true,"href":"https:\/\/palace-belvedere.com\/fr\/wp-json\/wp\/v2\/comments?post=65"}],"version-history":[{"count":18,"href":"https:\/\/palace-belvedere.com\/fr\/wp-json\/wp\/v2\/pages\/65\/revisions"}],"predecessor-version":[{"id":292,"href":"https:\/\/palace-belvedere.com\/fr\/wp-json\/wp\/v2\/pages\/65\/revisions\/292"}],"wp:featuredmedia":[{"embeddable":true,"href":"https:\/\/palace-belvedere.com\/fr\/wp-json\/wp\/v2\/media\/284"}],"wp:attachment":[{"href":"https:\/\/palace-belvedere.com\/fr\/wp-json\/wp\/v2\/media?parent=65"}],"curies":[{"name":"wp","href":"https:\/\/api.w.org\/{rel}","templated":true}]}}