{"id":218,"date":"2024-08-08T15:37:51","date_gmt":"2024-08-08T15:37:51","guid":{"rendered":"https:\/\/palace-belvedere.com\/?page_id=218"},"modified":"2025-06-09T17:32:19","modified_gmt":"2025-06-09T17:32:19","slug":"affiliate-disclaimer","status":"publish","type":"page","link":"https:\/\/palace-belvedere.com\/fr\/affiliate-disclaimer\/","title":{"rendered":"Affiliate Disclaimer"},"content":{"rendered":"<div style=\"height:148px\" aria-hidden=\"true\" class=\"wp-block-spacer\"><\/div>\n\n\n\n<h1 class=\"wp-block-heading has-text-align-center has-text-color has-link-color wp-elements-73a27b3137fda429eb7847b63fda0202\" style=\"color:#a87e00\">Affiliate Disclaimer<\/h1>\n\n\n\n<div style=\"height:33px\" aria-hidden=\"true\" class=\"wp-block-spacer\"><\/div>\n\n\n\n<p>This <a href=\"https:\/\/palace-belvedere.com\/fr\/\">website <\/a>contains affiliate links, and we participate in various affiliate programs, including <a href=\"https:\/\/www.tiqets.com\/en\/?partner=belvederepalace&amp;tq_campaign=affiliate\" target=\"_blank\" rel=\"noreferrer noopener\">Tiqets<\/a>. This means that we may earn a small commission if you make a purchase through our affiliate links, at no additional cost to you.<\/p>\n\n\n\n<p>We only recommend products and services that we have personally used or have thoroughly researched and believe will add value to our readers. <\/p>\n\n\n\n<p>All opinions expressed on this website are our own, and our recommendations are based on our independent research. Earning a commission does not influence the content we create or the products\/services we recommend. <\/p>\n\n\n\n<p>By using our affiliate links, you help support the ongoing operation of our website and allow us to continue creating valuable content for our readers.<\/p>","protected":false},"excerpt":{"rendered":"<p>Affiliate Disclaimer This website contains affiliate links, and we participate in various affiliate programs, including Tiqets. This means that we [&hellip;]<\/p>\n","protected":false},"author":1,"featured_media":0,"parent":0,"menu_order":0,"comment_status":"closed","ping_status":"closed","template":"","meta":{"_uag_custom_page_level_css":"","site-sidebar-layout":"default","site-content-layout":"","ast-site-content-layout":"default","site-content-style":"default","site-sidebar-style":"default","ast-global-header-display":"","ast-banner-title-visibility":"","ast-main-header-display":"","ast-hfb-above-header-display":"","ast-hfb-below-header-display":"","ast-hfb-mobile-header-display":"","site-post-title":"disabled","ast-breadcrumbs-content":"","ast-featured-img":"","footer-sml-layout":"","ast-disable-related-posts":"","theme-transparent-header-meta":"","adv-header-id-meta":"","stick-header-meta":"","header-above-stick-meta":"","header-main-stick-meta":"","header-below-stick-meta":"","astra-migrate-meta-layouts":"default","ast-page-background-enabled":"default","ast-page-background-meta":{"desktop":{"background-color":"var(--ast-global-color-4)","background-image":"","background-repeat":"repeat","background-position":"center center","background-size":"auto","background-attachment":"scroll","background-type":"","background-media":"","overlay-type":"","overlay-color":"","overlay-opacity":"","overlay-gradient":""},"tablet":{"background-color":"","background-image":"","background-repeat":"repeat","background-position":"center center","background-size":"auto","background-attachment":"scroll","background-type":"","background-media":"","overlay-type":"","overlay-color":"","overlay-opacity":"","overlay-gradient":""},"mobile":{"background-color":"","background-image":"","background-repeat":"repeat","background-position":"center center","background-size":"auto","background-attachment":"scroll","background-type":"","background-media":"","overlay-type":"","overlay-color":"","overlay-opacity":"","overlay-gradient":""}},"ast-content-background-meta":{"desktop":{"background-color":"var(--ast-global-color-5)","background-image":"","background-repeat":"repeat","background-position":"center center","background-size":"auto","background-attachment":"scroll","background-type":"","background-media":"","overlay-type":"","overlay-color":"","overlay-opacity":"","overlay-gradient":""},"tablet":{"background-color":"var(--ast-global-color-5)","background-image":"","background-repeat":"repeat","background-position":"center center","background-size":"auto","background-attachment":"scroll","background-type":"","background-media":"","overlay-type":"","overlay-color":"","overlay-opacity":"","overlay-gradient":""},"mobile":{"background-color":"var(--ast-global-color-5)","background-image":"","background-repeat":"repeat","background-position":"center center","background-size":"auto","background-attachment":"scroll","background-type":"","background-media":"","overlay-type":"","overlay-color":"","overlay-opacity":"","overlay-gradient":""}},"footnotes":""},"class_list":["post-218","page","type-page","status-publish","hentry"],"yoast_head":"<!-- This site is optimized with the Yoast SEO plugin v27.3 - https:\/\/yoast.com\/product\/yoast-seo-wordpress\/ -->\n<title>Affiliate Disclaimer<\/title>\n<meta name=\"description\" content=\"We are an affiliate of Tiqets, a worldwide renowned online booking platform, offering ticket cancellations and 24\/7 customer service.\" \/>\n<meta name=\"robots\" content=\"index, follow, max-snippet:-1, max-image-preview:large, max-video-preview:-1\" \/>\n<link rel=\"canonical\" href=\"https:\/\/palace-belvedere.com\/fr\/affiliate-disclaimer\/\" \/>\n<meta property=\"og:locale\" content=\"fr_FR\" \/>\n<meta property=\"og:type\" content=\"article\" \/>\n<meta property=\"og:title\" content=\"Affiliate Disclaimer\" \/>\n<meta property=\"og:description\" content=\"We are an affiliate of Tiqets, a worldwide renowned online booking platform, offering ticket cancellations and 24\/7 customer service.\" \/>\n<meta property=\"og:url\" content=\"https:\/\/palace-belvedere.com\/fr\/affiliate-disclaimer\/\" \/>\n<meta property=\"og:site_name\" content=\"Belvedere Palace Online Tickets\" \/>\n<meta property=\"article:modified_time\" content=\"2025-06-09T17:32:19+00:00\" \/>\n<meta property=\"og:image\" content=\"https:\/\/palace-belvedere.com\/wp-content\/uploads\/2024\/08\/Logo-Belvedere.webp\" \/>\n\t<meta property=\"og:image:width\" content=\"500\" \/>\n\t<meta property=\"og:image:height\" content=\"500\" \/>\n\t<meta property=\"og:image:type\" content=\"image\/webp\" \/>\n<meta name=\"twitter:card\" content=\"summary_large_image\" \/>\n<meta name=\"twitter:label1\" content=\"Dur\u00e9e de lecture estim\u00e9e\" \/>\n\t<meta name=\"twitter:data1\" content=\"1 minute\" \/>\n<script type=\"application\/ld+json\" class=\"yoast-schema-graph\">{\"@context\":\"https:\\\/\\\/schema.org\",\"@graph\":[{\"@type\":\"WebPage\",\"@id\":\"https:\\\/\\\/palace-belvedere.com\\\/affiliate-disclaimer\\\/\",\"url\":\"https:\\\/\\\/palace-belvedere.com\\\/affiliate-disclaimer\\\/\",\"name\":\"Affiliate Disclaimer\",\"isPartOf\":{\"@id\":\"https:\\\/\\\/palace-belvedere.com\\\/#website\"},\"datePublished\":\"2024-08-08T15:37:51+00:00\",\"dateModified\":\"2025-06-09T17:32:19+00:00\",\"description\":\"We are an affiliate of Tiqets, a worldwide renowned online booking platform, offering ticket cancellations and 24\\\/7 customer service.\",\"breadcrumb\":{\"@id\":\"https:\\\/\\\/palace-belvedere.com\\\/affiliate-disclaimer\\\/#breadcrumb\"},\"inLanguage\":\"fr-FR\",\"potentialAction\":[{\"@type\":\"ReadAction\",\"target\":[\"https:\\\/\\\/palace-belvedere.com\\\/affiliate-disclaimer\\\/\"]}]},{\"@type\":\"BreadcrumbList\",\"@id\":\"https:\\\/\\\/palace-belvedere.com\\\/affiliate-disclaimer\\\/#breadcrumb\",\"itemListElement\":[{\"@type\":\"ListItem\",\"position\":1,\"name\":\"Home\",\"item\":\"https:\\\/\\\/palace-belvedere.com\\\/\"},{\"@type\":\"ListItem\",\"position\":2,\"name\":\"Affiliate Disclaimer\"}]},{\"@type\":\"WebSite\",\"@id\":\"https:\\\/\\\/palace-belvedere.com\\\/#website\",\"url\":\"https:\\\/\\\/palace-belvedere.com\\\/\",\"name\":\"Belvedere Palace Online Tickets\",\"description\":\"Belvedere Palace Online Tickets\",\"publisher\":{\"@id\":\"https:\\\/\\\/palace-belvedere.com\\\/#organization\"},\"potentialAction\":[{\"@type\":\"SearchAction\",\"target\":{\"@type\":\"EntryPoint\",\"urlTemplate\":\"https:\\\/\\\/palace-belvedere.com\\\/?s={search_term_string}\"},\"query-input\":{\"@type\":\"PropertyValueSpecification\",\"valueRequired\":true,\"valueName\":\"search_term_string\"}}],\"inLanguage\":\"fr-FR\"},{\"@type\":\"Organization\",\"@id\":\"https:\\\/\\\/palace-belvedere.com\\\/#organization\",\"name\":\"Belvedere Palace Online Tickets\",\"url\":\"https:\\\/\\\/palace-belvedere.com\\\/\",\"logo\":{\"@type\":\"ImageObject\",\"inLanguage\":\"fr-FR\",\"@id\":\"https:\\\/\\\/palace-belvedere.com\\\/#\\\/schema\\\/logo\\\/image\\\/\",\"url\":\"https:\\\/\\\/palace-belvedere.com\\\/wp-content\\\/uploads\\\/2024\\\/08\\\/Logo-Belvedere.webp\",\"contentUrl\":\"https:\\\/\\\/palace-belvedere.com\\\/wp-content\\\/uploads\\\/2024\\\/08\\\/Logo-Belvedere.webp\",\"width\":500,\"height\":500,\"caption\":\"Belvedere Palace Online Tickets\"},\"image\":{\"@id\":\"https:\\\/\\\/palace-belvedere.com\\\/#\\\/schema\\\/logo\\\/image\\\/\"}}]}<\/script>\n<!-- \/ Yoast SEO plugin. -->","yoast_head_json":{"title":"Affiliate Disclaimer","description":"We are an affiliate of Tiqets, a worldwide renowned online booking platform, offering ticket cancellations and 24\/7 customer service.","robots":{"index":"index","follow":"follow","max-snippet":"max-snippet:-1","max-image-preview":"max-image-preview:large","max-video-preview":"max-video-preview:-1"},"canonical":"https:\/\/palace-belvedere.com\/fr\/affiliate-disclaimer\/","og_locale":"fr_FR","og_type":"article","og_title":"Affiliate Disclaimer","og_description":"We are an affiliate of Tiqets, a worldwide renowned online booking platform, offering ticket cancellations and 24\/7 customer service.","og_url":"https:\/\/palace-belvedere.com\/fr\/affiliate-disclaimer\/","og_site_name":"Belvedere Palace Online Tickets","article_modified_time":"2025-06-09T17:32:19+00:00","og_image":[{"width":500,"height":500,"url":"https:\/\/palace-belvedere.com\/wp-content\/uploads\/2024\/08\/Logo-Belvedere.webp","type":"image\/webp"}],"twitter_card":"summary_large_image","twitter_misc":{"Dur\u00e9e de lecture estim\u00e9e":"1 minute"},"schema":{"@context":"https:\/\/schema.org","@graph":[{"@type":"WebPage","@id":"https:\/\/palace-belvedere.com\/affiliate-disclaimer\/","url":"https:\/\/palace-belvedere.com\/affiliate-disclaimer\/","name":"Affiliate Disclaimer","isPartOf":{"@id":"https:\/\/palace-belvedere.com\/#website"},"datePublished":"2024-08-08T15:37:51+00:00","dateModified":"2025-06-09T17:32:19+00:00","description":"We are an affiliate of Tiqets, a worldwide renowned online booking platform, offering ticket cancellations and 24\/7 customer service.","breadcrumb":{"@id":"https:\/\/palace-belvedere.com\/affiliate-disclaimer\/#breadcrumb"},"inLanguage":"fr-FR","potentialAction":[{"@type":"ReadAction","target":["https:\/\/palace-belvedere.com\/affiliate-disclaimer\/"]}]},{"@type":"BreadcrumbList","@id":"https:\/\/palace-belvedere.com\/affiliate-disclaimer\/#breadcrumb","itemListElement":[{"@type":"ListItem","position":1,"name":"Home","item":"https:\/\/palace-belvedere.com\/"},{"@type":"ListItem","position":2,"name":"Affiliate Disclaimer"}]},{"@type":"WebSite","@id":"https:\/\/palace-belvedere.com\/#website","url":"https:\/\/palace-belvedere.com\/","name":"Billets pour Palais du Belv\u00e9d\u00e8re","description":"Billets pour Palais du Belv\u00e9d\u00e8re","publisher":{"@id":"https:\/\/palace-belvedere.com\/#organization"},"potentialAction":[{"@type":"SearchAction","target":{"@type":"EntryPoint","urlTemplate":"https:\/\/palace-belvedere.com\/?s={search_term_string}"},"query-input":{"@type":"PropertyValueSpecification","valueRequired":true,"valueName":"search_term_string"}}],"inLanguage":"fr-FR"},{"@type":"Organization","@id":"https:\/\/palace-belvedere.com\/#organization","name":"Billets pour Palais du Belv\u00e9d\u00e8re","url":"https:\/\/palace-belvedere.com\/","logo":{"@type":"ImageObject","inLanguage":"fr-FR","@id":"https:\/\/palace-belvedere.com\/#\/schema\/logo\/image\/","url":"https:\/\/palace-belvedere.com\/wp-content\/uploads\/2024\/08\/Logo-Belvedere.webp","contentUrl":"https:\/\/palace-belvedere.com\/wp-content\/uploads\/2024\/08\/Logo-Belvedere.webp","width":500,"height":500,"caption":"Belvedere Palace Online Tickets"},"image":{"@id":"https:\/\/palace-belvedere.com\/#\/schema\/logo\/image\/"}}]}},"uagb_featured_image_src":{"full":false,"thumbnail":false,"medium":false,"medium_large":false,"large":false,"1536x1536":false,"2048x2048":false,"trp-custom-language-flag":false},"uagb_author_info":{"display_name":"admin7223","author_link":"https:\/\/palace-belvedere.com\/fr\/author\/admin7223\/"},"uagb_comment_info":0,"uagb_excerpt":"Affiliate Disclaimer This website contains affiliate links, and we participate in various affiliate programs, including Tiqets. This means that we [&hellip;]","_links":{"self":[{"href":"https:\/\/palace-belvedere.com\/fr\/wp-json\/wp\/v2\/pages\/218","targetHints":{"allow":["GET"]}}],"collection":[{"href":"https:\/\/palace-belvedere.com\/fr\/wp-json\/wp\/v2\/pages"}],"about":[{"href":"https:\/\/palace-belvedere.com\/fr\/wp-json\/wp\/v2\/types\/page"}],"author":[{"embeddable":true,"href":"https:\/\/palace-belvedere.com\/fr\/wp-json\/wp\/v2\/users\/1"}],"replies":[{"embeddable":true,"href":"https:\/\/palace-belvedere.com\/fr\/wp-json\/wp\/v2\/comments?post=218"}],"version-history":[{"count":6,"href":"https:\/\/palace-belvedere.com\/fr\/wp-json\/wp\/v2\/pages\/218\/revisions"}],"predecessor-version":[{"id":308,"href":"https:\/\/palace-belvedere.com\/fr\/wp-json\/wp\/v2\/pages\/218\/revisions\/308"}],"wp:attachment":[{"href":"https:\/\/palace-belvedere.com\/fr\/wp-json\/wp\/v2\/media?parent=218"}],"curies":[{"name":"wp","href":"https:\/\/api.w.org\/{rel}","templated":true}]}}