{"id":65,"date":"2024-04-16T08:38:39","date_gmt":"2024-04-16T08:38:39","guid":{"rendered":"https:\/\/palace-belvedere.com\/?page_id=65"},"modified":"2024-11-22T15:09:08","modified_gmt":"2024-11-22T15:09:08","slug":"haufig-gestellte-fragen","status":"publish","type":"page","link":"https:\/\/palace-belvedere.com\/de\/frequently-asked-questions\/","title":{"rendered":"FAQ - H\u00c4UFIGE FRAGEN"},"content":{"rendered":"<div style=\"height:92px\" aria-hidden=\"true\" class=\"wp-block-spacer\"><\/div>\n\n\n\n<h1 class=\"wp-block-heading has-text-align-center has-text-color\" style=\"color:#a87e00\">FAQ - H\u00c4UFIGE FRAGEN<\/h1>\n\n\n\n<div style=\"height:30px\" aria-hidden=\"true\" class=\"wp-block-spacer\"><\/div>\n\n\n\n<p class=\"translation-block\">Hier finden Sie alle Informationen, die Sie f\u00fcr die Planung Ihres Besuchs im <strong><a href=\"https:\/\/palace-belvedere.com\/de\/\" target=\"_blank\" rel=\"noreferrer noopener\"> Schloss Belvedere<\/a><\/strong>. Wir empfehlen Ihnen au\u00dferdem, Ihre Online-Tickets im Voraus zu kaufen, um Warteschlangen zu vermeiden. Die am h\u00e4ufigsten gestellten Fragen finden Sie weiter unten im entsprechenden Abschnitt.<\/p>\n\n\n\n<div class=\"wp-block-group alignwide is-layout-constrained wp-block-group-is-layout-constrained\">\n<div class=\"wp-block-columns is-layout-flex wp-container-core-columns-is-layout-28f84493 wp-block-columns-is-layout-flex\">\n<div class=\"wp-block-column has-medium-font-size is-layout-flow wp-block-column-is-layout-flow\" style=\"flex-basis:700px\"><div class=\"wp-block-uagb-faq uagb-faq__outer-wrap uagb-block-dc6aa9c0 uagb-faq-icon-row-reverse uagb-faq-layout-accordion uagb-faq-expand-first-true uagb-faq-inactive-other-true uagb-faq__wrap uagb-buttons-layout-wrap uagb-faq-equal-height\" data-faqtoggle=\"true\" role=\"tablist\"><div class=\"wp-block-uagb-faq-child uagb-faq-child__outer-wrap uagb-faq-item uagb-block-9fcb1c80\" role=\"tab\" tabindex=\"0\"><div class=\"uagb-faq-questions-button uagb-faq-questions\">\t\t\t<span class=\"uagb-icon uagb-faq-icon-wrap\">\n\t\t\t\t\t\t\t\t<svg xmlns=\"https:\/\/www.w3.org\/2000\/svg\" viewbox= \"0 0 448 512\"><path d=\"M432 256c0 17.69-14.33 32.01-32 32.01H256v144c0 17.69-14.33 31.99-32 31.99s-32-14.3-32-31.99v-144H48c-17.67 0-32-14.32-32-32.01s14.33-31.99 32-31.99H192v-144c0-17.69 14.33-32.01 32-32.01s32 14.32 32 32.01v144h144C417.7 224 432 238.3 432 256z\"><\/path><\/svg>\n\t\t\t\t\t\t\t<\/span>\n\t\t\t\t\t\t<span class=\"uagb-icon-active uagb-faq-icon-wrap\">\n\t\t\t\t\t\t\t\t<svg xmlns=\"https:\/\/www.w3.org\/2000\/svg\" viewbox= \"0 0 448 512\"><path d=\"M400 288h-352c-17.69 0-32-14.32-32-32.01s14.31-31.99 32-31.99h352c17.69 0 32 14.3 32 31.99S417.7 288 400 288z\"><\/path><\/svg>\n\t\t\t\t\t\t\t<\/span>\n\t\t\t<h3 class=\"uagb-question\"><strong>Was ist in den Belvedere-Tickets enthalten?<\/strong><\/h3><\/div><div class=\"uagb-faq-content\"><p class=\"translation-block\">Das Ticket f\u00fcr das <strong>Obere Belvedere<\/strong> beinhaltet den Zugang zum Oberen Belvedere, zur st\u00e4ndigen Sammlung und zum Marmorsaal. <br><br>Das <strong>Untere Belvedere<\/strong>-Ticket beinhaltet den Zugang zum Unteren Belvedere und zur st\u00e4ndigen Sammlung.<br><br>Das <strong>Belvedere 21<\/strong>-Ticket beinhaltet den Eintritt zum Belvedere 21 Ausstellungen.<\/p><\/div><\/div><div class=\"wp-block-uagb-faq-child uagb-faq-child__outer-wrap uagb-faq-item uagb-block-bed571ab\" role=\"tab\" tabindex=\"0\"><div class=\"uagb-faq-questions-button uagb-faq-questions\">\t\t\t<span class=\"uagb-icon uagb-faq-icon-wrap\">\n\t\t\t\t\t\t\t\t<svg xmlns=\"https:\/\/www.w3.org\/2000\/svg\" viewbox= \"0 0 448 512\"><path d=\"M432 256c0 17.69-14.33 32.01-32 32.01H256v144c0 17.69-14.33 31.99-32 31.99s-32-14.3-32-31.99v-144H48c-17.67 0-32-14.32-32-32.01s14.33-31.99 32-31.99H192v-144c0-17.69 14.33-32.01 32-32.01s32 14.32 32 32.01v144h144C417.7 224 432 238.3 432 256z\"><\/path><\/svg>\n\t\t\t\t\t\t\t<\/span>\n\t\t\t\t\t\t<span class=\"uagb-icon-active uagb-faq-icon-wrap\">\n\t\t\t\t\t\t\t\t<svg xmlns=\"https:\/\/www.w3.org\/2000\/svg\" viewbox= \"0 0 448 512\"><path d=\"M400 288h-352c-17.69 0-32-14.32-32-32.01s14.31-31.99 32-31.99h352c17.69 0 32 14.3 32 31.99S417.7 288 400 288z\"><\/path><\/svg>\n\t\t\t\t\t\t\t<\/span>\n\t\t\t<h3 class=\"uagb-question\"><strong>Was sind die \u00d6ffnungszeiten?<\/strong><\/h3><\/div><div class=\"uagb-faq-content\"><p class=\"translation-block\">Das <strong>Obere Belvedere<\/strong> ist t\u00e4glich von 09:00 bis 18:00 Uhr ge\u00f6ffnet. <br><strong>Das Untere Belvedere<\/strong> ist t\u00e4glich von 10.00 bis 18.00 Uhr ge\u00f6ffnet. <br><strong>Belvedere 21<\/strong> ist am Donnerstag von 11:00 bis 21:00 Uhr und an den \u00fcbrigen Tagen von 11:00 bis 18:00 Uhr ge\u00f6ffnet. Das Museum ist am Montag geschlossen.<br><br>Letzter Einlass: 1 Stunde vor Schlie\u00dfung.<\/p><\/div><\/div><div class=\"wp-block-uagb-faq-child uagb-faq-child__outer-wrap uagb-faq-item uagb-block-f1a14f1d\" role=\"tab\" tabindex=\"0\"><div class=\"uagb-faq-questions-button uagb-faq-questions\">\t\t\t<span class=\"uagb-icon uagb-faq-icon-wrap\">\n\t\t\t\t\t\t\t\t<svg xmlns=\"https:\/\/www.w3.org\/2000\/svg\" viewbox= \"0 0 448 512\"><path d=\"M432 256c0 17.69-14.33 32.01-32 32.01H256v144c0 17.69-14.33 31.99-32 31.99s-32-14.3-32-31.99v-144H48c-17.67 0-32-14.32-32-32.01s14.33-31.99 32-31.99H192v-144c0-17.69 14.33-32.01 32-32.01s32 14.32 32 32.01v144h144C417.7 224 432 238.3 432 256z\"><\/path><\/svg>\n\t\t\t\t\t\t\t<\/span>\n\t\t\t\t\t\t<span class=\"uagb-icon-active uagb-faq-icon-wrap\">\n\t\t\t\t\t\t\t\t<svg xmlns=\"https:\/\/www.w3.org\/2000\/svg\" viewbox= \"0 0 448 512\"><path d=\"M400 288h-352c-17.69 0-32-14.32-32-32.01s14.31-31.99 32-31.99h352c17.69 0 32 14.3 32 31.99S417.7 288 400 288z\"><\/path><\/svg>\n\t\t\t\t\t\t\t<\/span>\n\t\t\t<h3 class=\"uagb-question\">Werden Handytickets akzeptiert?<\/h3><\/div><div class=\"uagb-faq-content\"><p>Ja. Aufgrund der hohen Besucherzahl empfehlen wir Ihnen, Ihren Eintritt online zu garantieren.<\/p><\/div><\/div><div class=\"wp-block-uagb-faq-child uagb-faq-child__outer-wrap uagb-faq-item uagb-block-bcabd821\" role=\"tab\" tabindex=\"0\"><div class=\"uagb-faq-questions-button uagb-faq-questions\">\t\t\t<span class=\"uagb-icon uagb-faq-icon-wrap\">\n\t\t\t\t\t\t\t\t<svg xmlns=\"https:\/\/www.w3.org\/2000\/svg\" viewbox= \"0 0 448 512\"><path d=\"M432 256c0 17.69-14.33 32.01-32 32.01H256v144c0 17.69-14.33 31.99-32 31.99s-32-14.3-32-31.99v-144H48c-17.67 0-32-14.32-32-32.01s14.33-31.99 32-31.99H192v-144c0-17.69 14.33-32.01 32-32.01s32 14.32 32 32.01v144h144C417.7 224 432 238.3 432 256z\"><\/path><\/svg>\n\t\t\t\t\t\t\t<\/span>\n\t\t\t\t\t\t<span class=\"uagb-icon-active uagb-faq-icon-wrap\">\n\t\t\t\t\t\t\t\t<svg xmlns=\"https:\/\/www.w3.org\/2000\/svg\" viewbox= \"0 0 448 512\"><path d=\"M400 288h-352c-17.69 0-32-14.32-32-32.01s14.31-31.99 32-31.99h352c17.69 0 32 14.3 32 31.99S417.7 288 400 288z\"><\/path><\/svg>\n\t\t\t\t\t\t\t<\/span>\n\t\t\t<h3 class=\"uagb-question\">Muss ich ein Ticket f\u00fcr Kinder kaufen?<\/h3><\/div><div class=\"uagb-faq-content\"><p class=\"translation-block\"><strong>Oberes Belvedere<\/strong>, <strong>Unteres Belvedere<\/strong> und <strong>Belvedere 21<\/strong> sind f\u00fcr Kinder unter 18 Jahren kostenlos, es ist jedoch weiterhin ein Ticket erforderlich.<\/p><\/div><\/div><div class=\"wp-block-uagb-faq-child uagb-faq-child__outer-wrap uagb-faq-item uagb-block-2f7613cd\" role=\"tab\" tabindex=\"0\"><div class=\"uagb-faq-questions-button uagb-faq-questions\">\t\t\t<span class=\"uagb-icon uagb-faq-icon-wrap\">\n\t\t\t\t\t\t\t\t<svg xmlns=\"https:\/\/www.w3.org\/2000\/svg\" viewbox= \"0 0 448 512\"><path d=\"M432 256c0 17.69-14.33 32.01-32 32.01H256v144c0 17.69-14.33 31.99-32 31.99s-32-14.3-32-31.99v-144H48c-17.67 0-32-14.32-32-32.01s14.33-31.99 32-31.99H192v-144c0-17.69 14.33-32.01 32-32.01s32 14.32 32 32.01v144h144C417.7 224 432 238.3 432 256z\"><\/path><\/svg>\n\t\t\t\t\t\t\t<\/span>\n\t\t\t\t\t\t<span class=\"uagb-icon-active uagb-faq-icon-wrap\">\n\t\t\t\t\t\t\t\t<svg xmlns=\"https:\/\/www.w3.org\/2000\/svg\" viewbox= \"0 0 448 512\"><path d=\"M400 288h-352c-17.69 0-32-14.32-32-32.01s14.31-31.99 32-31.99h352c17.69 0 32 14.3 32 31.99S417.7 288 400 288z\"><\/path><\/svg>\n\t\t\t\t\t\t\t<\/span>\n\t\t\t<h3 class=\"uagb-question\">Wie gelangt man zum Belvedere-Palast und zum Belvedere 21?<\/h3><\/div><div class=\"uagb-faq-content\"><p>Klicken Sie unten, um eine Wegbeschreibung zu erhalten:<br><a href=\"https:\/\/maps.app.goo.gl\/oDv33Aie3wsrCxGN7\" target=\"_blank\" rel=\"noreferrer noopener\">Oberes Belvedere<\/a><br><a href=\"https:\/\/maps.app.goo.gl\/WFSYcvcBzfU4C8NF6\" target=\"_blank\" rel=\"noreferrer noopener\">Unteres Belvedere<\/a><br><a href=\"https:\/\/maps.app.goo.gl\/wC5fz1aqddVhv47Q7\" target=\"_blank\" rel=\"noreferrer noopener\">Belvedere 21<\/a><br><\/p><\/div><\/div><div class=\"wp-block-uagb-faq-child uagb-faq-child__outer-wrap uagb-faq-item uagb-block-d6d1bb5b\" role=\"tab\" tabindex=\"0\"><div class=\"uagb-faq-questions-button uagb-faq-questions\">\t\t\t<span class=\"uagb-icon uagb-faq-icon-wrap\">\n\t\t\t\t\t\t\t\t<svg xmlns=\"https:\/\/www.w3.org\/2000\/svg\" viewbox= \"0 0 448 512\"><path d=\"M432 256c0 17.69-14.33 32.01-32 32.01H256v144c0 17.69-14.33 31.99-32 31.99s-32-14.3-32-31.99v-144H48c-17.67 0-32-14.32-32-32.01s14.33-31.99 32-31.99H192v-144c0-17.69 14.33-32.01 32-32.01s32 14.32 32 32.01v144h144C417.7 224 432 238.3 432 256z\"><\/path><\/svg>\n\t\t\t\t\t\t\t<\/span>\n\t\t\t\t\t\t<span class=\"uagb-icon-active uagb-faq-icon-wrap\">\n\t\t\t\t\t\t\t\t<svg xmlns=\"https:\/\/www.w3.org\/2000\/svg\" viewbox= \"0 0 448 512\"><path d=\"M400 288h-352c-17.69 0-32-14.32-32-32.01s14.31-31.99 32-31.99h352c17.69 0 32 14.3 32 31.99S417.7 288 400 288z\"><\/path><\/svg>\n\t\t\t\t\t\t\t<\/span>\n\t\t\t<h3 class=\"uagb-question\">Kann ich meine Tickets stornieren oder umbuchen?<\/h3><\/div><div class=\"uagb-faq-content\"><p>Eine Stornierung und Umbuchung ist bis 24 Stunden vor Ihrem Besuch m\u00f6glich.<\/p><\/div><\/div><div class=\"wp-block-uagb-faq-child uagb-faq-child__outer-wrap uagb-faq-item uagb-block-ba19bf77\" role=\"tab\" tabindex=\"0\"><div class=\"uagb-faq-questions-button uagb-faq-questions\">\t\t\t<span class=\"uagb-icon uagb-faq-icon-wrap\">\n\t\t\t\t\t\t\t\t<svg xmlns=\"https:\/\/www.w3.org\/2000\/svg\" viewbox= \"0 0 448 512\"><path d=\"M432 256c0 17.69-14.33 32.01-32 32.01H256v144c0 17.69-14.33 31.99-32 31.99s-32-14.3-32-31.99v-144H48c-17.67 0-32-14.32-32-32.01s14.33-31.99 32-31.99H192v-144c0-17.69 14.33-32.01 32-32.01s32 14.32 32 32.01v144h144C417.7 224 432 238.3 432 256z\"><\/path><\/svg>\n\t\t\t\t\t\t\t<\/span>\n\t\t\t\t\t\t<span class=\"uagb-icon-active uagb-faq-icon-wrap\">\n\t\t\t\t\t\t\t\t<svg xmlns=\"https:\/\/www.w3.org\/2000\/svg\" viewbox= \"0 0 448 512\"><path d=\"M400 288h-352c-17.69 0-32-14.32-32-32.01s14.31-31.99 32-31.99h352c17.69 0 32 14.3 32 31.99S417.7 288 400 288z\"><\/path><\/svg>\n\t\t\t\t\t\t\t<\/span>\n\t\t\t<h3 class=\"uagb-question\">Sind Schloss Belvedere und Belvedere 21 f\u00fcr Personen mit eingeschr\u00e4nkter Mobilit\u00e4t geeignet?<\/h3><\/div><div class=\"uagb-faq-content\"><p class=\"translation-block\">Das Belvedere-Schloss und Museum sind f\u00fcr Rollstuhlfahrer zug\u00e4nglich. <br>Rollst\u00fchle stehen zum Ausleihen zur Verf\u00fcgung.<\/p><\/div><\/div><\/div><\/div>\n\n\n\n<div class=\"wp-block-column is-layout-flow wp-block-column-is-layout-flow\" style=\"flex-basis:700px\">\n<center><div data-tiqets-widget=\"availability\" data-layout=\"compact\" data-product-id=\"974613\" data-partner=\"belvederepalace\" data-tq-campaign=\"faq\"><\/div><\/center>\n<\/div>\n<\/div>\n<\/div>\n\n\n\n<p><\/p>","protected":false},"excerpt":{"rendered":"<p>Frequently Asked Questions Here you can find all the information you need to plan your visit to Belvedere Palace. We [&hellip;]<\/p>\n","protected":false},"author":1,"featured_media":284,"parent":0,"menu_order":0,"comment_status":"closed","ping_status":"closed","template":"","meta":{"_uag_custom_page_level_css":"","site-sidebar-layout":"default","site-content-layout":"","ast-site-content-layout":"","site-content-style":"default","site-sidebar-style":"default","ast-global-header-display":"","ast-banner-title-visibility":"","ast-main-header-display":"","ast-hfb-above-header-display":"","ast-hfb-below-header-display":"","ast-hfb-mobile-header-display":"","site-post-title":"disabled","ast-breadcrumbs-content":"","ast-featured-img":"disabled","footer-sml-layout":"","ast-disable-related-posts":"","theme-transparent-header-meta":"","adv-header-id-meta":"","stick-header-meta":"","header-above-stick-meta":"","header-main-stick-meta":"","header-below-stick-meta":"","astra-migrate-meta-layouts":"default","ast-page-background-enabled":"default","ast-page-background-meta":{"desktop":{"background-color":"var(--ast-global-color-4)","background-image":"","background-repeat":"repeat","background-position":"center center","background-size":"auto","background-attachment":"scroll","background-type":"","background-media":"","overlay-type":"","overlay-color":"","overlay-opacity":"","overlay-gradient":""},"tablet":{"background-color":"","background-image":"","background-repeat":"repeat","background-position":"center center","background-size":"auto","background-attachment":"scroll","background-type":"","background-media":"","overlay-type":"","overlay-color":"","overlay-opacity":"","overlay-gradient":""},"mobile":{"background-color":"","background-image":"","background-repeat":"repeat","background-position":"center center","background-size":"auto","background-attachment":"scroll","background-type":"","background-media":"","overlay-type":"","overlay-color":"","overlay-opacity":"","overlay-gradient":""}},"ast-content-background-meta":{"desktop":{"background-color":"var(--ast-global-color-5)","background-image":"","background-repeat":"repeat","background-position":"center center","background-size":"auto","background-attachment":"scroll","background-type":"","background-media":"","overlay-type":"","overlay-color":"","overlay-opacity":"","overlay-gradient":""},"tablet":{"background-color":"var(--ast-global-color-5)","background-image":"","background-repeat":"repeat","background-position":"center center","background-size":"auto","background-attachment":"scroll","background-type":"","background-media":"","overlay-type":"","overlay-color":"","overlay-opacity":"","overlay-gradient":""},"mobile":{"background-color":"var(--ast-global-color-5)","background-image":"","background-repeat":"repeat","background-position":"center center","background-size":"auto","background-attachment":"scroll","background-type":"","background-media":"","overlay-type":"","overlay-color":"","overlay-opacity":"","overlay-gradient":""}},"footnotes":""},"class_list":["post-65","page","type-page","status-publish","has-post-thumbnail","hentry"],"yoast_head":"<!-- This site is optimized with the Yoast SEO plugin v27.1.1 - https:\/\/yoast.com\/product\/yoast-seo-wordpress\/ -->\n<title>Frequently Asked Questions - Belvedere Palace<\/title>\n<meta name=\"description\" content=\"Here you will clear your frequently asked questions about opening times, how to get there and other details about Belvedere Palace.\" \/>\n<meta name=\"robots\" content=\"index, follow, max-snippet:-1, max-image-preview:large, max-video-preview:-1\" \/>\n<link rel=\"canonical\" href=\"https:\/\/palace-belvedere.com\/de\/haufig-gestellte-fragen\/\" \/>\n<meta property=\"og:locale\" content=\"de_DE\" \/>\n<meta property=\"og:type\" content=\"article\" \/>\n<meta property=\"og:title\" content=\"Frequently Asked Questions - Belvedere Palace\" \/>\n<meta property=\"og:description\" content=\"Here you will clear your frequently asked questions about opening times, how to get there and other details about Belvedere Palace.\" \/>\n<meta property=\"og:url\" content=\"https:\/\/palace-belvedere.com\/de\/haufig-gestellte-fragen\/\" \/>\n<meta property=\"og:site_name\" content=\"Belvedere Palace Online Tickets\" \/>\n<meta property=\"article:modified_time\" content=\"2024-11-22T15:09:08+00:00\" \/>\n<meta property=\"og:image\" content=\"https:\/\/palace-belvedere.com\/wp-content\/uploads\/2024\/11\/Belvedere.webp\" \/>\n\t<meta property=\"og:image:width\" content=\"714\" \/>\n\t<meta property=\"og:image:height\" content=\"476\" \/>\n\t<meta property=\"og:image:type\" content=\"image\/webp\" \/>\n<meta name=\"twitter:card\" content=\"summary_large_image\" \/>\n<meta name=\"twitter:label1\" content=\"Gesch\u00e4tzte Lesezeit\" \/>\n\t<meta name=\"twitter:data1\" content=\"1\u00a0Minute\" \/>\n<script type=\"application\/ld+json\" class=\"yoast-schema-graph\">{\"@context\":\"https:\/\/schema.org\",\"@graph\":[{\"@type\":\"WebPage\",\"@id\":\"https:\/\/palace-belvedere.com\/frequently-asked-questions\/\",\"url\":\"https:\/\/palace-belvedere.com\/frequently-asked-questions\/\",\"name\":\"Frequently Asked Questions - Belvedere Palace\",\"isPartOf\":{\"@id\":\"https:\/\/palace-belvedere.com\/#website\"},\"primaryImageOfPage\":{\"@id\":\"https:\/\/palace-belvedere.com\/frequently-asked-questions\/#primaryimage\"},\"image\":{\"@id\":\"https:\/\/palace-belvedere.com\/frequently-asked-questions\/#primaryimage\"},\"thumbnailUrl\":\"https:\/\/palace-belvedere.com\/wp-content\/uploads\/2024\/11\/Belvedere.webp\",\"datePublished\":\"2024-04-16T08:38:39+00:00\",\"dateModified\":\"2024-11-22T15:09:08+00:00\",\"description\":\"Here you will clear your frequently asked questions about opening times, how to get there and other details about Belvedere Palace.\",\"breadcrumb\":{\"@id\":\"https:\/\/palace-belvedere.com\/frequently-asked-questions\/#breadcrumb\"},\"inLanguage\":\"de\",\"potentialAction\":[{\"@type\":\"ReadAction\",\"target\":[\"https:\/\/palace-belvedere.com\/frequently-asked-questions\/\"]}]},{\"@type\":\"ImageObject\",\"inLanguage\":\"de\",\"@id\":\"https:\/\/palace-belvedere.com\/frequently-asked-questions\/#primaryimage\",\"url\":\"https:\/\/palace-belvedere.com\/wp-content\/uploads\/2024\/11\/Belvedere.webp\",\"contentUrl\":\"https:\/\/palace-belvedere.com\/wp-content\/uploads\/2024\/11\/Belvedere.webp\",\"width\":714,\"height\":476,\"caption\":\"Belvedere Palace\"},{\"@type\":\"BreadcrumbList\",\"@id\":\"https:\/\/palace-belvedere.com\/frequently-asked-questions\/#breadcrumb\",\"itemListElement\":[{\"@type\":\"ListItem\",\"position\":1,\"name\":\"Home\",\"item\":\"https:\/\/palace-belvedere.com\/\"},{\"@type\":\"ListItem\",\"position\":2,\"name\":\"FAQ\"}]},{\"@type\":\"WebSite\",\"@id\":\"https:\/\/palace-belvedere.com\/#website\",\"url\":\"https:\/\/palace-belvedere.com\/\",\"name\":\"Belvedere Palace Online Tickets\",\"description\":\"Belvedere Palace Online Tickets\",\"publisher\":{\"@id\":\"https:\/\/palace-belvedere.com\/#organization\"},\"potentialAction\":[{\"@type\":\"SearchAction\",\"target\":{\"@type\":\"EntryPoint\",\"urlTemplate\":\"https:\/\/palace-belvedere.com\/?s={search_term_string}\"},\"query-input\":{\"@type\":\"PropertyValueSpecification\",\"valueRequired\":true,\"valueName\":\"search_term_string\"}}],\"inLanguage\":\"de\"},{\"@type\":\"Organization\",\"@id\":\"https:\/\/palace-belvedere.com\/#organization\",\"name\":\"Belvedere Palace Online Tickets\",\"url\":\"https:\/\/palace-belvedere.com\/\",\"logo\":{\"@type\":\"ImageObject\",\"inLanguage\":\"de\",\"@id\":\"https:\/\/palace-belvedere.com\/#\/schema\/logo\/image\/\",\"url\":\"https:\/\/palace-belvedere.com\/wp-content\/uploads\/2024\/08\/Logo-Belvedere.webp\",\"contentUrl\":\"https:\/\/palace-belvedere.com\/wp-content\/uploads\/2024\/08\/Logo-Belvedere.webp\",\"width\":500,\"height\":500,\"caption\":\"Belvedere Palace Online Tickets\"},\"image\":{\"@id\":\"https:\/\/palace-belvedere.com\/#\/schema\/logo\/image\/\"}}]}<\/script>\n<!-- \/ Yoast SEO plugin. -->","yoast_head_json":{"title":"Frequently Asked Questions - Belvedere Palace","description":"Hier kl\u00e4ren Sie h\u00e4ufig gestellte Fragen zu \u00d6ffnungszeiten, Anfahrt und weiteren Details zum Schloss Belvedere.","robots":{"index":"index","follow":"follow","max-snippet":"max-snippet:-1","max-image-preview":"max-image-preview:large","max-video-preview":"max-video-preview:-1"},"canonical":"https:\/\/palace-belvedere.com\/de\/haufig-gestellte-fragen\/","og_locale":"de_DE","og_type":"article","og_title":"Frequently Asked Questions - Belvedere Palace","og_description":"Here you will clear your frequently asked questions about opening times, how to get there and other details about Belvedere Palace.","og_url":"https:\/\/palace-belvedere.com\/de\/haufig-gestellte-fragen\/","og_site_name":"Belvedere Palace Online Tickets","article_modified_time":"2024-11-22T15:09:08+00:00","og_image":[{"width":714,"height":476,"url":"https:\/\/palace-belvedere.com\/wp-content\/uploads\/2024\/11\/Belvedere.webp","type":"image\/webp"}],"twitter_card":"summary_large_image","twitter_misc":{"Gesch\u00e4tzte Lesezeit":"1\u00a0Minute"},"schema":{"@context":"https:\/\/schema.org","@graph":[{"@type":"WebPage","@id":"https:\/\/palace-belvedere.com\/frequently-asked-questions\/","url":"https:\/\/palace-belvedere.com\/frequently-asked-questions\/","name":"Frequently Asked Questions - Belvedere Palace","isPartOf":{"@id":"https:\/\/palace-belvedere.com\/#website"},"primaryImageOfPage":{"@id":"https:\/\/palace-belvedere.com\/frequently-asked-questions\/#primaryimage"},"image":{"@id":"https:\/\/palace-belvedere.com\/frequently-asked-questions\/#primaryimage"},"thumbnailUrl":"https:\/\/palace-belvedere.com\/wp-content\/uploads\/2024\/11\/Belvedere.webp","datePublished":"2024-04-16T08:38:39+00:00","dateModified":"2024-11-22T15:09:08+00:00","description":"Hier kl\u00e4ren Sie h\u00e4ufig gestellte Fragen zu \u00d6ffnungszeiten, Anfahrt und weiteren Details zum Schloss Belvedere.","breadcrumb":{"@id":"https:\/\/palace-belvedere.com\/frequently-asked-questions\/#breadcrumb"},"inLanguage":"de","potentialAction":[{"@type":"ReadAction","target":["https:\/\/palace-belvedere.com\/frequently-asked-questions\/"]}]},{"@type":"ImageObject","inLanguage":"de","@id":"https:\/\/palace-belvedere.com\/frequently-asked-questions\/#primaryimage","url":"https:\/\/palace-belvedere.com\/wp-content\/uploads\/2024\/11\/Belvedere.webp","contentUrl":"https:\/\/palace-belvedere.com\/wp-content\/uploads\/2024\/11\/Belvedere.webp","width":714,"height":476,"caption":"Belvedere Palace"},{"@type":"BreadcrumbList","@id":"https:\/\/palace-belvedere.com\/frequently-asked-questions\/#breadcrumb","itemListElement":[{"@type":"ListItem","position":1,"name":"Home","item":"https:\/\/palace-belvedere.com\/"},{"@type":"ListItem","position":2,"name":"FAQ"}]},{"@type":"WebSite","@id":"https:\/\/palace-belvedere.com\/#website","url":"https:\/\/palace-belvedere.com\/","name":"Tickets f\u00fcr Schloss Belvedere","description":"Tickets f\u00fcr Schloss Belvedere","publisher":{"@id":"https:\/\/palace-belvedere.com\/#organization"},"potentialAction":[{"@type":"SearchAction","target":{"@type":"EntryPoint","urlTemplate":"https:\/\/palace-belvedere.com\/?s={search_term_string}"},"query-input":{"@type":"PropertyValueSpecification","valueRequired":true,"valueName":"search_term_string"}}],"inLanguage":"de"},{"@type":"Organization","@id":"https:\/\/palace-belvedere.com\/#organization","name":"Tickets f\u00fcr Schloss Belvedere","url":"https:\/\/palace-belvedere.com\/","logo":{"@type":"ImageObject","inLanguage":"de","@id":"https:\/\/palace-belvedere.com\/#\/schema\/logo\/image\/","url":"https:\/\/palace-belvedere.com\/wp-content\/uploads\/2024\/08\/Logo-Belvedere.webp","contentUrl":"https:\/\/palace-belvedere.com\/wp-content\/uploads\/2024\/08\/Logo-Belvedere.webp","width":500,"height":500,"caption":"Belvedere Palace Online Tickets"},"image":{"@id":"https:\/\/palace-belvedere.com\/#\/schema\/logo\/image\/"}}]}},"uagb_featured_image_src":{"full":["https:\/\/palace-belvedere.com\/wp-content\/uploads\/2024\/11\/Belvedere.webp",714,476,false],"thumbnail":["https:\/\/palace-belvedere.com\/wp-content\/uploads\/2024\/11\/Belvedere-150x150.webp",150,150,true],"medium":["https:\/\/palace-belvedere.com\/wp-content\/uploads\/2024\/11\/Belvedere-300x200.webp",300,200,true],"medium_large":["https:\/\/palace-belvedere.com\/wp-content\/uploads\/2024\/11\/Belvedere.webp",714,476,false],"large":["https:\/\/palace-belvedere.com\/wp-content\/uploads\/2024\/11\/Belvedere.webp",714,476,false],"1536x1536":["https:\/\/palace-belvedere.com\/wp-content\/uploads\/2024\/11\/Belvedere.webp",714,476,false],"2048x2048":["https:\/\/palace-belvedere.com\/wp-content\/uploads\/2024\/11\/Belvedere.webp",714,476,false],"trp-custom-language-flag":["https:\/\/palace-belvedere.com\/wp-content\/uploads\/2024\/11\/Belvedere-18x12.webp",18,12,true]},"uagb_author_info":{"display_name":"admin7223","author_link":"https:\/\/palace-belvedere.com\/de\/author\/admin7223\/"},"uagb_comment_info":0,"uagb_excerpt":"Frequently Asked Questions Here you can find all the information you need to plan your visit to Belvedere Palace. We [&hellip;]","_links":{"self":[{"href":"https:\/\/palace-belvedere.com\/de\/wp-json\/wp\/v2\/pages\/65","targetHints":{"allow":["GET"]}}],"collection":[{"href":"https:\/\/palace-belvedere.com\/de\/wp-json\/wp\/v2\/pages"}],"about":[{"href":"https:\/\/palace-belvedere.com\/de\/wp-json\/wp\/v2\/types\/page"}],"author":[{"embeddable":true,"href":"https:\/\/palace-belvedere.com\/de\/wp-json\/wp\/v2\/users\/1"}],"replies":[{"embeddable":true,"href":"https:\/\/palace-belvedere.com\/de\/wp-json\/wp\/v2\/comments?post=65"}],"version-history":[{"count":18,"href":"https:\/\/palace-belvedere.com\/de\/wp-json\/wp\/v2\/pages\/65\/revisions"}],"predecessor-version":[{"id":292,"href":"https:\/\/palace-belvedere.com\/de\/wp-json\/wp\/v2\/pages\/65\/revisions\/292"}],"wp:featuredmedia":[{"embeddable":true,"href":"https:\/\/palace-belvedere.com\/de\/wp-json\/wp\/v2\/media\/284"}],"wp:attachment":[{"href":"https:\/\/palace-belvedere.com\/de\/wp-json\/wp\/v2\/media?parent=65"}],"curies":[{"name":"wp","href":"https:\/\/api.w.org\/{rel}","templated":true}]}}